{"id":105,"date":"2024-09-11T15:21:16","date_gmt":"2024-09-11T13:21:16","guid":{"rendered":"https:\/\/jeko.biz\/?page_id=105"},"modified":"2026-02-27T19:38:27","modified_gmt":"2026-02-27T18:38:27","slug":"experts-achats","status":"publish","type":"page","link":"https:\/\/jeko.biz\/?page_id=105","title":{"rendered":"Mise \u00e0 disposition d&#8217;experts achats"},"content":{"rendered":"\t\t<div data-elementor-type=\"wp-page\" data-elementor-id=\"105\" class=\"elementor elementor-105\">\n\t\t\t\t<div class=\"elementor-element elementor-element-baeb4ec e-flex e-con-boxed e-con e-parent\" data-id=\"baeb4ec\" data-element_type=\"container\">\n\t\t\t\t\t<div class=\"e-con-inner\">\n\t\t\t\t<div class=\"elementor-element elementor-element-a3649a7 elementor-widget__width-initial elementor-widget-tablet__width-initial elementor-widget-mobile__width-initial elementor-widget elementor-widget-image\" data-id=\"a3649a7\" data-element_type=\"widget\" data-widget_type=\"image.default\">\n\t\t\t\t<div class=\"elementor-widget-container\">\n\t\t\t\t\t\t\t\t\t\t\t\t\t\t\t<img fetchpriority=\"high\" decoding=\"async\" width=\"644\" height=\"766\" src=\"https:\/\/jeko.biz\/wp-content\/uploads\/2025\/05\/Screenshot-2025-05-26-at-09.25.06.png\" class=\"attachment-medium_large size-medium_large wp-image-1252\" alt=\"\" srcset=\"https:\/\/jeko.biz\/wp-content\/uploads\/2025\/05\/Screenshot-2025-05-26-at-09.25.06.png 644w, https:\/\/jeko.biz\/wp-content\/uploads\/2025\/05\/Screenshot-2025-05-26-at-09.25.06-252x300.png 252w\" sizes=\"(max-width: 644px) 100vw, 644px\" \/>\t\t\t\t\t\t\t\t\t\t\t\t\t\t\t<\/div>\n\t\t\t\t<\/div>\n\t\t\t\t<div class=\"elementor-element elementor-element-93f259d elementor-widget elementor-widget-text-editor\" data-id=\"93f259d\" data-element_type=\"widget\" data-widget_type=\"text-editor.default\">\n\t\t\t\t<div class=\"elementor-widget-container\">\n\t\t\t\t\t\t\t\t\t<p>Dipl\u00f4m\u00e9 d&#8217;un MBA et passionn\u00e9 de nouvelles technologies, j&#8217;ai d\u00e9but\u00e9 mon aventure professionnelle il y a plus de 20 ans dans le conseil strat\u00e9gique et la transformation d&#8217;entreprises en accompagnement de grands donneurs d&#8217;ordres de part le monde : Europe, Asie et USA.&nbsp;<\/p><p>Mes exp\u00e9riences m&#8217;ont permis d&#8217;enchainer les r\u00f4les et les challenges professionnels : Directeur des Op\u00e9rations, DAF, Directeurs des achats.<\/p>\n<p>Je souhaite d\u00e9sormais mettre \u00e0 disposition de nouvelles soci\u00e9t\u00e9s mes exp\u00e9riences et ma vision disruptive du monde de l&#8217;entreprise en proposant une offre \u00e0 &#8220;tiroir&#8221;, calibr\u00e9e sur les besoins et l&#8217;ambition de mes clients et d\u00e9clin\u00e9e en fonction de leur maturit\u00e9.<\/p>\t\t\t\t\t\t\t\t<\/div>\n\t\t\t\t<\/div>\n\t\t\t\t\t<\/div>\n\t\t\t\t<\/div>\n\t\t<div class=\"elementor-element elementor-element-79e83ef e-flex e-con-boxed e-con e-parent\" data-id=\"79e83ef\" data-element_type=\"container\">\n\t\t\t\t\t<div class=\"e-con-inner\">\n\t\t\t\t<div class=\"elementor-element elementor-element-4a26d27 elementor-widget__width-initial elementor-widget-tablet__width-initial elementor-widget-mobile__width-initial elementor-widget elementor-widget-image\" data-id=\"4a26d27\" data-element_type=\"widget\" data-widget_type=\"image.default\">\n\t\t\t\t<div class=\"elementor-widget-container\">\n\t\t\t\t\t\t\t\t\t\t\t\t\t\t\t<img decoding=\"async\" width=\"564\" height=\"658\" src=\"https:\/\/jeko.biz\/wp-content\/uploads\/2025\/05\/Screenshot-2025-05-26-at-09.26.15.png\" class=\"attachment-medium_large size-medium_large wp-image-1253\" alt=\"\" srcset=\"https:\/\/jeko.biz\/wp-content\/uploads\/2025\/05\/Screenshot-2025-05-26-at-09.26.15.png 564w, https:\/\/jeko.biz\/wp-content\/uploads\/2025\/05\/Screenshot-2025-05-26-at-09.26.15-257x300.png 257w\" sizes=\"(max-width: 564px) 100vw, 564px\" \/>\t\t\t\t\t\t\t\t\t\t\t\t\t\t\t<\/div>\n\t\t\t\t<\/div>\n\t\t\t\t<div class=\"elementor-element elementor-element-b4ddf7b elementor-widget elementor-widget-text-editor\" data-id=\"b4ddf7b\" data-element_type=\"widget\" data-widget_type=\"text-editor.default\">\n\t\t\t\t<div class=\"elementor-widget-container\">\n\t\t\t\t\t\t\t\t\t<p data-start=\"125\" data-end=\"504\">Dipl\u00f4m\u00e9e d\u2019un Master de la Skema Business School de Lille, j&#8217;ai plus de 17 ans d\u2019exp\u00e9rience au sein des directions achats de grands groupes.\u00a0<\/p><p data-start=\"125\" data-end=\"504\">Mon parcours de consultante m\u2019a amen\u00e9e \u00e0 intervenir dans des secteurs vari\u00e9s \u2014 Industrie, Conseil, Retail \u2014 d\u00e9veloppant ainsi une expertise pointue sur les achats digitaux et notamment les achats de prestations intellectuelles.<\/p><p data-start=\"506\" data-end=\"907\">Anim\u00e9e par une v\u00e9ritable passion pour l\u2019innovation achats, j\u2019ai pilot\u00e9 plusieurs projets de transformation digitale Source-to-Pay. Aujourd\u2019hui, je mets cette exp\u00e9rience au service de nouvelles entreprises, pour les accompagner dans l\u2019optimisation de leurs processus, la conduite du changement et surtout, l\u2019analyse quotidienne des donn\u00e9es achats \u2014 levier essentiel pour toute prise de d\u00e9cision strat\u00e9gique !<\/p>\t\t\t\t\t\t\t\t<\/div>\n\t\t\t\t<\/div>\n\t\t\t\t\t<\/div>\n\t\t\t\t<\/div>\n\t\t<div class=\"elementor-element elementor-element-1496d5e e-flex e-con-boxed e-con e-parent\" data-id=\"1496d5e\" data-element_type=\"container\">\n\t\t\t\t\t<div class=\"e-con-inner\">\n\t\t\t\t<div class=\"elementor-element elementor-element-0beb9f7 elementor-arrows-position-inside elementor-pagination-position-outside elementor-widget elementor-widget-image-carousel\" data-id=\"0beb9f7\" data-element_type=\"widget\" data-settings=\"{&quot;navigation&quot;:&quot;both&quot;,&quot;autoplay&quot;:&quot;yes&quot;,&quot;pause_on_hover&quot;:&quot;yes&quot;,&quot;pause_on_interaction&quot;:&quot;yes&quot;,&quot;autoplay_speed&quot;:5000,&quot;infinite&quot;:&quot;yes&quot;,&quot;speed&quot;:500}\" data-widget_type=\"image-carousel.default\">\n\t\t\t\t<div class=\"elementor-widget-container\">\n\t\t\t\t\t\t\t<div class=\"elementor-image-carousel-wrapper swiper\" role=\"region\" aria-roledescription=\"carousel\" aria-label=\"Carrousel d\u2019images\" dir=\"ltr\">\n\t\t\t<div class=\"elementor-image-carousel swiper-wrapper\" aria-live=\"off\">\n\t\t\t\t\t\t\t\t<div class=\"swiper-slide\" role=\"group\" aria-roledescription=\"slide\" aria-label=\"1 of 8\"><figure class=\"swiper-slide-inner\"><img decoding=\"async\" class=\"swiper-slide-image\" src=\"https:\/\/jeko.biz\/wp-content\/uploads\/2025\/05\/WhatsApp-Image-2025-05-26-at-09.43.10-e1748336890927-150x150.jpeg\" alt=\": comment \u00e9voluent les TJM sous l&#039;effet de l&#039;inflation.\" \/><figcaption class=\"elementor-image-carousel-caption\">HA Days 2024 by Republik Achats<\/figcaption><\/figure><\/div><div class=\"swiper-slide\" role=\"group\" aria-roledescription=\"slide\" aria-label=\"2 of 8\"><figure class=\"swiper-slide-inner\"><img decoding=\"async\" class=\"swiper-slide-image\" src=\"https:\/\/jeko.biz\/wp-content\/uploads\/2025\/05\/WhatsApp-Image-2025-05-26-at-09.41.55-150x150.jpeg\" alt=\"HA Days 2024 by Republik Achats\" \/><figcaption class=\"elementor-image-carousel-caption\">HA Days 2024 by Republik Achats<\/figcaption><\/figure><\/div><div class=\"swiper-slide\" role=\"group\" aria-roledescription=\"slide\" aria-label=\"3 of 8\"><figure class=\"swiper-slide-inner\"><img decoding=\"async\" class=\"swiper-slide-image\" src=\"https:\/\/jeko.biz\/wp-content\/uploads\/2024\/09\/fleur-oranges-main-150x150.jpg\" alt=\"Prendre soin de votre transformation\" \/><figcaption class=\"elementor-image-carousel-caption\">Prendre soin de votre transformation <\/figcaption><\/figure><\/div><div class=\"swiper-slide\" role=\"group\" aria-roledescription=\"slide\" aria-label=\"4 of 8\"><figure class=\"swiper-slide-inner\"><img decoding=\"async\" class=\"swiper-slide-image\" src=\"https:\/\/jeko.biz\/wp-content\/uploads\/2025\/05\/WhatsApp-Image-2025-05-26-at-09.41.35-150x150.jpeg\" alt=\"HA Days 2024 by Republik Achats\" \/><figcaption class=\"elementor-image-carousel-caption\">HA Days 2024 by Republik Achats<\/figcaption><\/figure><\/div><div class=\"swiper-slide\" role=\"group\" aria-roledescription=\"slide\" aria-label=\"5 of 8\"><figure class=\"swiper-slide-inner\"><img decoding=\"async\" class=\"swiper-slide-image\" src=\"https:\/\/jeko.biz\/wp-content\/uploads\/2025\/05\/BRAPI-2023-150x150.jpeg\" alt=\"Pilotage et mesure de la performance dans les achats de prestations intellectuelles.\" \/><figcaption class=\"elementor-image-carousel-caption\">BRAPI 2023<\/figcaption><\/figure><\/div><div class=\"swiper-slide\" role=\"group\" aria-roledescription=\"slide\" aria-label=\"6 of 8\"><figure class=\"swiper-slide-inner\"><img decoding=\"async\" class=\"swiper-slide-image\" src=\"https:\/\/jeko.biz\/wp-content\/uploads\/2025\/05\/review-5207277_1280-150x150.jpg\" alt=\"Un service client 5 \u00e9toiles\" \/><figcaption class=\"elementor-image-carousel-caption\">Un service client 5 \u00e9toiles<\/figcaption><\/figure><\/div><div class=\"swiper-slide\" role=\"group\" aria-roledescription=\"slide\" aria-label=\"7 of 8\"><figure class=\"swiper-slide-inner\"><img decoding=\"async\" class=\"swiper-slide-image\" src=\"https:\/\/jeko.biz\/wp-content\/uploads\/2025\/05\/trophee-des-achats-2024-150x150.jpeg\" alt=\"Troph\u00e9e des achats 2024\" \/><figcaption class=\"elementor-image-carousel-caption\">Troph\u00e9e des achats 2024 <\/figcaption><\/figure><\/div><div class=\"swiper-slide\" role=\"group\" aria-roledescription=\"slide\" aria-label=\"8 of 8\"><figure class=\"swiper-slide-inner\"><img decoding=\"async\" class=\"swiper-slide-image\" src=\"https:\/\/jeko.biz\/wp-content\/uploads\/2025\/05\/210efdf0-5f93-4aaf-88fc-5f4db96e431b-150x150.jpg\" alt=\"RSE dans les achats prestations\" \/><figcaption class=\"elementor-image-carousel-caption\">RSE dans les achats prestations<\/figcaption><\/figure><\/div>\t\t\t<\/div>\n\t\t\t\t\t\t\t\t\t\t\t\t<div class=\"elementor-swiper-button elementor-swiper-button-prev\" role=\"button\" tabindex=\"0\">\n\t\t\t\t\t\t<svg aria-hidden=\"true\" class=\"e-font-icon-svg e-eicon-chevron-left\" viewBox=\"0 0 1000 1000\" xmlns=\"http:\/\/www.w3.org\/2000\/svg\"><path d=\"M646 125C629 125 613 133 604 142L308 442C296 454 292 471 292 487 292 504 296 521 308 533L604 854C617 867 629 875 646 875 663 875 679 871 692 858 704 846 713 829 713 812 713 796 708 779 692 767L438 487 692 225C700 217 708 204 708 187 708 171 704 154 692 142 675 129 663 125 646 125Z\"><\/path><\/svg>\t\t\t\t\t<\/div>\n\t\t\t\t\t<div class=\"elementor-swiper-button elementor-swiper-button-next\" role=\"button\" tabindex=\"0\">\n\t\t\t\t\t\t<svg aria-hidden=\"true\" class=\"e-font-icon-svg e-eicon-chevron-right\" viewBox=\"0 0 1000 1000\" xmlns=\"http:\/\/www.w3.org\/2000\/svg\"><path d=\"M696 533C708 521 713 504 713 487 713 471 708 454 696 446L400 146C388 133 375 125 354 125 338 125 325 129 313 142 300 154 292 171 292 187 292 204 296 221 308 233L563 492 304 771C292 783 288 800 288 817 288 833 296 850 308 863 321 871 338 875 354 875 371 875 388 867 400 854L696 533Z\"><\/path><\/svg>\t\t\t\t\t<\/div>\n\t\t\t\t\n\t\t\t\t\t\t\t\t\t<div class=\"swiper-pagination\"><\/div>\n\t\t\t\t\t\t\t\t\t<\/div>\n\t\t\t\t\t\t<\/div>\n\t\t\t\t<\/div>\n\t\t\t\t\t<\/div>\n\t\t\t\t<\/div>\n\t\t\t\t<\/div>\n\t\t","protected":false},"excerpt":{"rendered":"<p>Dipl\u00f4m\u00e9 d&#8217;un MBA et passionn\u00e9 de nouvelles technologies, j&#8217;ai d\u00e9but\u00e9 mon aventure professionnelle il y a plus de 20 ans dans le conseil strat\u00e9gique et la transformation d&#8217;entreprises en accompagnement de grands donneurs d&#8217;ordres de&hellip;<\/p>\n","protected":false},"author":2,"featured_media":0,"parent":0,"menu_order":0,"comment_status":"closed","ping_status":"closed","template":"","meta":{"footnotes":""},"class_list":["post-105","page","type-page","status-publish","hentry"],"_links":{"self":[{"href":"https:\/\/jeko.biz\/index.php?rest_route=\/wp\/v2\/pages\/105","targetHints":{"allow":["GET"]}}],"collection":[{"href":"https:\/\/jeko.biz\/index.php?rest_route=\/wp\/v2\/pages"}],"about":[{"href":"https:\/\/jeko.biz\/index.php?rest_route=\/wp\/v2\/types\/page"}],"author":[{"embeddable":true,"href":"https:\/\/jeko.biz\/index.php?rest_route=\/wp\/v2\/users\/2"}],"replies":[{"embeddable":true,"href":"https:\/\/jeko.biz\/index.php?rest_route=%2Fwp%2Fv2%2Fcomments&post=105"}],"version-history":[{"count":84,"href":"https:\/\/jeko.biz\/index.php?rest_route=\/wp\/v2\/pages\/105\/revisions"}],"predecessor-version":[{"id":1460,"href":"https:\/\/jeko.biz\/index.php?rest_route=\/wp\/v2\/pages\/105\/revisions\/1460"}],"wp:attachment":[{"href":"https:\/\/jeko.biz\/index.php?rest_route=%2Fwp%2Fv2%2Fmedia&parent=105"}],"curies":[{"name":"wp","href":"https:\/\/api.w.org\/{rel}","templated":true}]}}